{"id":18957,"date":"2022-11-03T19:42:56","date_gmt":"2022-11-03T17:42:56","guid":{"rendered":"https:\/\/airesafricanos.com\/?page_id=18957"},"modified":"2025-07-09T22:48:36","modified_gmt":"2025-07-09T20:48:36","slug":"navidades-2","status":"publish","type":"page","link":"https:\/\/airesafricanos.com\/en\/navidades-2\/","title":{"rendered":"Christmas"},"content":{"rendered":"<div data-elementor-type=\"wp-page\" data-elementor-id=\"18957\" class=\"elementor elementor-18957\" data-elementor-post-type=\"page\">\n\t\t\t\t\t\t<section class=\"elementor-section elementor-top-section elementor-element elementor-element-4ec2b9d elementor-section-full_width elementor-section-height-min-height elementor-section-items-top elementor-section-height-default\" data-id=\"4ec2b9d\" data-element_type=\"section\">\n\t\t\t\t\t\t<div class=\"elementor-container elementor-column-gap-default\">\n\t\t\t\t\t<div class=\"elementor-column elementor-col-100 elementor-top-column elementor-element elementor-element-94a8519\" data-id=\"94a8519\" data-element_type=\"column\">\n\t\t\t<div class=\"elementor-widget-wrap elementor-element-populated\">\n\t\t\t\t\t\t<div class=\"elementor-element elementor-element-9dc4d69 elementor-widget elementor-widget-image\" data-id=\"9dc4d69\" data-element_type=\"widget\" data-widget_type=\"image.default\">\n\t\t\t\t<div class=\"elementor-widget-container\">\n\t\t\t\t\t\t\t\t\t\t\t\t\t\t\t<img decoding=\"async\" src=\"https:\/\/airesafricanos.com\/wp-content\/uploads\/2022\/11\/camello-1-2000x600.jpg\" title=\"camel-1\" alt=\"camello-1\" class=\"elementor-animation-bob\" loading=\"lazy\" \/>\t\t\t\t\t\t\t\t\t\t\t\t\t\t\t<\/div>\n\t\t\t\t<\/div>\n\t\t\t\t\t<\/div>\n\t\t<\/div>\n\t\t\t\t\t<\/div>\n\t\t<\/section>\n\t\t\t\t<section class=\"elementor-section elementor-top-section elementor-element elementor-element-73c8a35 elementor-section-boxed elementor-section-height-default elementor-section-height-default\" data-id=\"73c8a35\" data-element_type=\"section\" data-settings=\"{&quot;background_background&quot;:&quot;classic&quot;}\">\n\t\t\t\t\t\t<div class=\"elementor-container elementor-column-gap-default\">\n\t\t\t\t\t<div class=\"elementor-column elementor-col-100 elementor-top-column elementor-element elementor-element-f93fb4a\" data-id=\"f93fb4a\" data-element_type=\"column\">\n\t\t\t<div class=\"elementor-widget-wrap elementor-element-populated\">\n\t\t\t\t\t\t<div class=\"elementor-element elementor-element-3af21d6 elementor-widget elementor-widget-heading\" data-id=\"3af21d6\" data-element_type=\"widget\" data-widget_type=\"heading.default\">\n\t\t\t\t<div class=\"elementor-widget-container\">\n\t\t\t\t\t<h2 class=\"elementor-heading-title elementor-size-default\">Listen to our Dune Park carol<\/h2>\t\t\t\t<\/div>\n\t\t\t\t<\/div>\n\t\t\t\t<div class=\"elementor-element elementor-element-1977a28 elementor-widget elementor-widget-text-editor\" data-id=\"1977a28\" data-element_type=\"widget\" data-widget_type=\"text-editor.default\">\n\t\t\t\t<div class=\"elementor-widget-container\">\n\t\t\t\t\t\t\t\t\t<p>parque dunar (carol)<\/p>\t\t\t\t\t\t\t\t<\/div>\n\t\t\t\t<\/div>\n\t\t\t\t<div class=\"elementor-element elementor-element-f0a2457 elementor-widget elementor-widget-html\" data-id=\"f0a2457\" data-element_type=\"widget\" data-widget_type=\"html.default\">\n\t\t\t\t<div class=\"elementor-widget-container\">\n\t\t\t\t\t<div align=\"center\">\n    <audio src=\"https:\/\/airesafricanos.com\/wp-content\/uploads\/2021\/12\/parque-dunar-villancico-.mp3\" controls><\/audio>\n<\/div>\t\t\t\t<\/div>\n\t\t\t\t<\/div>\n\t\t\t\t<div class=\"elementor-element elementor-element-a6b36af elementor-widget elementor-widget-text-editor\" data-id=\"a6b36af\" data-element_type=\"widget\" data-widget_type=\"text-editor.default\">\n\t\t\t\t<div class=\"elementor-widget-container\">\n\t\t\t\t\t\t\t\t\t<p>It is a time of joy in the Parque Dunar. The magic of Christmas can already be felt. The Three Kings of Orient, once again, will pick up their camels in Aires Africanos to travel through many villages of Huelva and Andalusia, accompanied by their ambassadors, the Royal Postmen, who will carry in their saddlebags the illusions of the children.\u00a0\u00a0<\/p><p>The tradition has been revived through the centuries with the same strength as it did when the Star of the East led Melchior, Gaspar and Balthasar on the back of three dromedaries to the Bethlehem portal.\u00a0<\/p><p>The image has remained clear and indelible in the minds of millions of generations, and so the Three Wise Men and their camels have become a symbol of a tradition that represents the illusion of what can be.<\/p><p>\"Christmas, Christmas, Christmas... Christmas in the Parque Dunar\".<\/p>\t\t\t\t\t\t\t\t<\/div>\n\t\t\t\t<\/div>\n\t\t\t\t\t<\/div>\n\t\t<\/div>\n\t\t\t\t\t<\/div>\n\t\t<\/section>\n\t\t\t\t<section class=\"elementor-section elementor-top-section elementor-element elementor-element-a7d4413 elementor-section-boxed elementor-section-height-default elementor-section-height-default\" data-id=\"a7d4413\" data-element_type=\"section\">\n\t\t\t\t\t\t<div class=\"elementor-container elementor-column-gap-default\">\n\t\t\t\t\t<div class=\"elementor-column elementor-col-100 elementor-top-column elementor-element elementor-element-f42098a\" data-id=\"f42098a\" data-element_type=\"column\">\n\t\t\t<div class=\"elementor-widget-wrap elementor-element-populated\">\n\t\t\t\t\t\t<div class=\"elementor-element elementor-element-883357b elementor-widget elementor-widget-heading\" data-id=\"883357b\" data-element_type=\"widget\" data-widget_type=\"heading.default\">\n\t\t\t\t<div class=\"elementor-widget-container\">\n\t\t\t\t\t<h2 class=\"elementor-heading-title elementor-size-default\">Our Gallery<\/h2>\t\t\t\t<\/div>\n\t\t\t\t<\/div>\n\t\t\t\t<div class=\"elementor-element elementor-element-7151018 elementor-widget elementor-widget-gallery\" data-id=\"7151018\" data-element_type=\"widget\" data-settings=\"{&quot;gallery_layout&quot;:&quot;masonry&quot;,&quot;columns&quot;:3,&quot;lazyload&quot;:&quot;yes&quot;,&quot;columns_tablet&quot;:2,&quot;columns_mobile&quot;:1,&quot;gap&quot;:{&quot;unit&quot;:&quot;px&quot;,&quot;size&quot;:10,&quot;sizes&quot;:[]},&quot;gap_tablet&quot;:{&quot;unit&quot;:&quot;px&quot;,&quot;size&quot;:10,&quot;sizes&quot;:[]},&quot;gap_mobile&quot;:{&quot;unit&quot;:&quot;px&quot;,&quot;size&quot;:10,&quot;sizes&quot;:[]},&quot;link_to&quot;:&quot;file&quot;,&quot;overlay_background&quot;:&quot;yes&quot;,&quot;content_hover_animation&quot;:&quot;fade-in&quot;}\" data-widget_type=\"gallery.default\">\n\t\t\t\t<div class=\"elementor-widget-container\">\n\t\t\t\t\t\t\t<div class=\"elementor-gallery__container\">\n\t\t\t\t\t\t\t<a class=\"e-gallery-item elementor-gallery-item elementor-animated-content\" href=\"https:\/\/airesafricanos.com\/wp-content\/uploads\/2022\/10\/DSC_0182.jpg\" data-elementor-open-lightbox=\"yes\" data-elementor-lightbox-slideshow=\"7151018\" data-elementor-lightbox-title=\"DSC_0182\" data-e-action-hash=\"#elementor-action%3Aaction%3Dlightbox%26settings%3DeyJpZCI6MTg1NjksInVybCI6Imh0dHBzOlwvXC9haXJlc2FmcmljYW5vcy5jb21cL3dwLWNvbnRlbnRcL3VwbG9hZHNcLzIwMjJcLzEwXC9EU0NfMDE4Mi5qcGciLCJzbGlkZXNob3ciOiI3MTUxMDE4In0%3D\">\n\t\t\t\t\t<div class=\"e-gallery-image elementor-gallery-item__image\" data-thumbnail=\"https:\/\/airesafricanos.com\/wp-content\/uploads\/2022\/10\/DSC_0182-300x300.jpg\" data-width=\"300\" data-height=\"300\" aria-label=\"\" role=\"img\" ><\/div>\n\t\t\t\t\t\t\t\t\t\t\t<div class=\"elementor-gallery-item__overlay\"><\/div>\n\t\t\t\t\t\t\t\t\t\t\t\t\t\t<\/a>\n\t\t\t\t\t\t\t<a class=\"e-gallery-item elementor-gallery-item elementor-animated-content\" href=\"https:\/\/airesafricanos.com\/wp-content\/uploads\/2022\/10\/DSC_0184.jpg\" data-elementor-open-lightbox=\"yes\" data-elementor-lightbox-slideshow=\"7151018\" data-elementor-lightbox-title=\"DSC_0184\" data-e-action-hash=\"#elementor-action%3Aaction%3Dlightbox%26settings%3DeyJpZCI6MTg1NjcsInVybCI6Imh0dHBzOlwvXC9haXJlc2FmcmljYW5vcy5jb21cL3dwLWNvbnRlbnRcL3VwbG9hZHNcLzIwMjJcLzEwXC9EU0NfMDE4NC5qcGciLCJzbGlkZXNob3ciOiI3MTUxMDE4In0%3D\">\n\t\t\t\t\t<div class=\"e-gallery-image elementor-gallery-item__image\" data-thumbnail=\"https:\/\/airesafricanos.com\/wp-content\/uploads\/2022\/10\/DSC_0184-300x300.jpg\" data-width=\"300\" data-height=\"300\" aria-label=\"\" role=\"img\" ><\/div>\n\t\t\t\t\t\t\t\t\t\t\t<div class=\"elementor-gallery-item__overlay\"><\/div>\n\t\t\t\t\t\t\t\t\t\t\t\t\t\t<\/a>\n\t\t\t\t\t\t\t<a class=\"e-gallery-item elementor-gallery-item elementor-animated-content\" href=\"https:\/\/airesafricanos.com\/wp-content\/uploads\/2022\/10\/DSC_0259.jpg\" data-elementor-open-lightbox=\"yes\" data-elementor-lightbox-slideshow=\"7151018\" data-elementor-lightbox-title=\"DSC_0259\" data-e-action-hash=\"#elementor-action%3Aaction%3Dlightbox%26settings%3DeyJpZCI6MTg1NjUsInVybCI6Imh0dHBzOlwvXC9haXJlc2FmcmljYW5vcy5jb21cL3dwLWNvbnRlbnRcL3VwbG9hZHNcLzIwMjJcLzEwXC9EU0NfMDI1OS5qcGciLCJzbGlkZXNob3ciOiI3MTUxMDE4In0%3D\">\n\t\t\t\t\t<div class=\"e-gallery-image elementor-gallery-item__image\" data-thumbnail=\"https:\/\/airesafricanos.com\/wp-content\/uploads\/2022\/10\/DSC_0259-300x300.jpg\" data-width=\"300\" data-height=\"300\" aria-label=\"\" role=\"img\" ><\/div>\n\t\t\t\t\t\t\t\t\t\t\t<div class=\"elementor-gallery-item__overlay\"><\/div>\n\t\t\t\t\t\t\t\t\t\t\t\t\t\t<\/a>\n\t\t\t\t\t\t\t<a class=\"e-gallery-item elementor-gallery-item elementor-animated-content\" href=\"https:\/\/airesafricanos.com\/wp-content\/uploads\/2022\/10\/DSC_0248.jpg\" data-elementor-open-lightbox=\"yes\" data-elementor-lightbox-slideshow=\"7151018\" data-elementor-lightbox-title=\"DSC_0248\" data-e-action-hash=\"#elementor-action%3Aaction%3Dlightbox%26settings%3DeyJpZCI6MTg1NjMsInVybCI6Imh0dHBzOlwvXC9haXJlc2FmcmljYW5vcy5jb21cL3dwLWNvbnRlbnRcL3VwbG9hZHNcLzIwMjJcLzEwXC9EU0NfMDI0OC5qcGciLCJzbGlkZXNob3ciOiI3MTUxMDE4In0%3D\">\n\t\t\t\t\t<div class=\"e-gallery-image elementor-gallery-item__image\" data-thumbnail=\"https:\/\/airesafricanos.com\/wp-content\/uploads\/2022\/10\/DSC_0248-300x300.jpg\" data-width=\"300\" data-height=\"300\" aria-label=\"\" role=\"img\" ><\/div>\n\t\t\t\t\t\t\t\t\t\t\t<div class=\"elementor-gallery-item__overlay\"><\/div>\n\t\t\t\t\t\t\t\t\t\t\t\t\t\t<\/a>\n\t\t\t\t\t\t\t<a class=\"e-gallery-item elementor-gallery-item elementor-animated-content\" href=\"https:\/\/airesafricanos.com\/wp-content\/uploads\/2022\/11\/20201215_181120-scaled.jpg\" data-elementor-open-lightbox=\"yes\" data-elementor-lightbox-slideshow=\"7151018\" data-elementor-lightbox-title=\"20201215_181120\" data-e-action-hash=\"#elementor-action%3Aaction%3Dlightbox%26settings%3DeyJpZCI6MTkzMzYsInVybCI6Imh0dHBzOlwvXC9haXJlc2FmcmljYW5vcy5jb21cL3dwLWNvbnRlbnRcL3VwbG9hZHNcLzIwMjJcLzExXC8yMDIwMTIxNV8xODExMjAtc2NhbGVkLmpwZyIsInNsaWRlc2hvdyI6IjcxNTEwMTgifQ%3D%3D\">\n\t\t\t\t\t<div class=\"e-gallery-image elementor-gallery-item__image\" data-thumbnail=\"https:\/\/airesafricanos.com\/wp-content\/uploads\/2022\/11\/20201215_181120-300x300.jpg\" data-width=\"300\" data-height=\"300\" aria-label=\"\" role=\"img\" ><\/div>\n\t\t\t\t\t\t\t\t\t\t\t<div class=\"elementor-gallery-item__overlay\"><\/div>\n\t\t\t\t\t\t\t\t\t\t\t\t\t\t<\/a>\n\t\t\t\t\t\t\t<a class=\"e-gallery-item elementor-gallery-item elementor-animated-content\" href=\"https:\/\/airesafricanos.com\/wp-content\/uploads\/2022\/11\/DSC_0135.jpg\" data-elementor-open-lightbox=\"yes\" data-elementor-lightbox-slideshow=\"7151018\" data-elementor-lightbox-title=\"DSC_0135\" data-e-action-hash=\"#elementor-action%3Aaction%3Dlightbox%26settings%3DeyJpZCI6MTkzMzgsInVybCI6Imh0dHBzOlwvXC9haXJlc2FmcmljYW5vcy5jb21cL3dwLWNvbnRlbnRcL3VwbG9hZHNcLzIwMjJcLzExXC9EU0NfMDEzNS5qcGciLCJzbGlkZXNob3ciOiI3MTUxMDE4In0%3D\">\n\t\t\t\t\t<div class=\"e-gallery-image elementor-gallery-item__image\" data-thumbnail=\"https:\/\/airesafricanos.com\/wp-content\/uploads\/2022\/11\/DSC_0135-300x300.jpg\" data-width=\"300\" data-height=\"300\" aria-label=\"\" role=\"img\" ><\/div>\n\t\t\t\t\t\t\t\t\t\t\t<div class=\"elementor-gallery-item__overlay\"><\/div>\n\t\t\t\t\t\t\t\t\t\t\t\t\t\t<\/a>\n\t\t\t\t\t\t\t<a class=\"e-gallery-item elementor-gallery-item elementor-animated-content\" href=\"https:\/\/airesafricanos.com\/wp-content\/uploads\/2022\/11\/DSC_0160.jpg\" data-elementor-open-lightbox=\"yes\" data-elementor-lightbox-slideshow=\"7151018\" data-elementor-lightbox-title=\"DSC_0160\" data-e-action-hash=\"#elementor-action%3Aaction%3Dlightbox%26settings%3DeyJpZCI6MTkzNDAsInVybCI6Imh0dHBzOlwvXC9haXJlc2FmcmljYW5vcy5jb21cL3dwLWNvbnRlbnRcL3VwbG9hZHNcLzIwMjJcLzExXC9EU0NfMDE2MC5qcGciLCJzbGlkZXNob3ciOiI3MTUxMDE4In0%3D\">\n\t\t\t\t\t<div class=\"e-gallery-image elementor-gallery-item__image\" data-thumbnail=\"https:\/\/airesafricanos.com\/wp-content\/uploads\/2022\/11\/DSC_0160-300x300.jpg\" data-width=\"300\" data-height=\"300\" aria-label=\"\" role=\"img\" ><\/div>\n\t\t\t\t\t\t\t\t\t\t\t<div class=\"elementor-gallery-item__overlay\"><\/div>\n\t\t\t\t\t\t\t\t\t\t\t\t\t\t<\/a>\n\t\t\t\t\t\t\t<a class=\"e-gallery-item elementor-gallery-item elementor-animated-content\" href=\"https:\/\/airesafricanos.com\/wp-content\/uploads\/2022\/11\/DSC_0201.jpg\" data-elementor-open-lightbox=\"yes\" data-elementor-lightbox-slideshow=\"7151018\" data-elementor-lightbox-title=\"DSC_0201\" data-e-action-hash=\"#elementor-action%3Aaction%3Dlightbox%26settings%3DeyJpZCI6MTkzNDIsInVybCI6Imh0dHBzOlwvXC9haXJlc2FmcmljYW5vcy5jb21cL3dwLWNvbnRlbnRcL3VwbG9hZHNcLzIwMjJcLzExXC9EU0NfMDIwMS5qcGciLCJzbGlkZXNob3ciOiI3MTUxMDE4In0%3D\">\n\t\t\t\t\t<div class=\"e-gallery-image elementor-gallery-item__image\" data-thumbnail=\"https:\/\/airesafricanos.com\/wp-content\/uploads\/2022\/11\/DSC_0201-300x300.jpg\" data-width=\"300\" data-height=\"300\" aria-label=\"\" role=\"img\" ><\/div>\n\t\t\t\t\t\t\t\t\t\t\t<div class=\"elementor-gallery-item__overlay\"><\/div>\n\t\t\t\t\t\t\t\t\t\t\t\t\t\t<\/a>\n\t\t\t\t\t\t\t<a class=\"e-gallery-item elementor-gallery-item elementor-animated-content\" href=\"https:\/\/airesafricanos.com\/wp-content\/uploads\/2022\/11\/DSC_0240.jpg\" data-elementor-open-lightbox=\"yes\" data-elementor-lightbox-slideshow=\"7151018\" data-elementor-lightbox-title=\"DSC_0240\" data-e-action-hash=\"#elementor-action%3Aaction%3Dlightbox%26settings%3DeyJpZCI6MTkzNDQsInVybCI6Imh0dHBzOlwvXC9haXJlc2FmcmljYW5vcy5jb21cL3dwLWNvbnRlbnRcL3VwbG9hZHNcLzIwMjJcLzExXC9EU0NfMDI0MC5qcGciLCJzbGlkZXNob3ciOiI3MTUxMDE4In0%3D\">\n\t\t\t\t\t<div class=\"e-gallery-image elementor-gallery-item__image\" data-thumbnail=\"https:\/\/airesafricanos.com\/wp-content\/uploads\/2022\/11\/DSC_0240-300x300.jpg\" data-width=\"300\" data-height=\"300\" aria-label=\"\" role=\"img\" ><\/div>\n\t\t\t\t\t\t\t\t\t\t\t<div class=\"elementor-gallery-item__overlay\"><\/div>\n\t\t\t\t\t\t\t\t\t\t\t\t\t\t<\/a>\n\t\t\t\t\t<\/div>\n\t\t\t\t\t<\/div>\n\t\t\t\t<\/div>\n\t\t\t\t\t<\/div>\n\t\t<\/div>\n\t\t\t\t\t<\/div>\n\t\t<\/section>\n\t\t\t\t<section class=\"elementor-section elementor-top-section elementor-element elementor-element-2472e96 elementor-section-boxed elementor-section-height-default elementor-section-height-default\" data-id=\"2472e96\" data-element_type=\"section\" data-settings=\"{&quot;background_background&quot;:&quot;classic&quot;}\">\n\t\t\t\t\t\t<div class=\"elementor-container elementor-column-gap-default\">\n\t\t\t\t\t<div class=\"elementor-column elementor-col-100 elementor-top-column elementor-element elementor-element-96e283c\" data-id=\"96e283c\" data-element_type=\"column\">\n\t\t\t<div class=\"elementor-widget-wrap elementor-element-populated\">\n\t\t\t\t\t\t<div class=\"elementor-element elementor-element-8853387 elementor-widget elementor-widget-heading\" data-id=\"8853387\" data-element_type=\"widget\" data-widget_type=\"heading.default\">\n\t\t\t\t<div class=\"elementor-widget-container\">\n\t\t\t\t\t<h2 class=\"elementor-heading-title elementor-size-default\">What we do at Christmas<\/h2>\t\t\t\t<\/div>\n\t\t\t\t<\/div>\n\t\t\t\t<div class=\"elementor-element elementor-element-875df73 elementor-widget elementor-widget-text-editor\" data-id=\"875df73\" data-element_type=\"widget\" data-widget_type=\"text-editor.default\">\n\t\t\t\t<div class=\"elementor-widget-container\">\n\t\t\t\t\t\t\t\t\t<p>At Christmas our dromedaries want to see everyone happy, that is why we are present at Christmas markets or living nativity scenes, and we are also part of the procession of the Royal Postmen and Emissaries wherever it is necessary, being the most faithful companions of our beloved Three Wise Men in the famous Three Wise Men parade.<\/p><p>If you want to count on us for these unforgettable moments, just click on the button below and we will organise everything in a few minutes.<\/p>\t\t\t\t\t\t\t\t<\/div>\n\t\t\t\t<\/div>\n\t\t\t\t<div class=\"elementor-element elementor-element-61a667a elementor-align-center elementor-widget elementor-widget-button\" data-id=\"61a667a\" data-element_type=\"widget\" data-widget_type=\"button.default\">\n\t\t\t\t<div class=\"elementor-widget-container\">\n\t\t\t\t\t\t\t\t\t<div class=\"elementor-button-wrapper\">\n\t\t\t\t\t<a class=\"elementor-button elementor-button-link elementor-size-md\" href=\"http:\/\/wa.me\/34659162924\">\n\t\t\t\t\t\t<span class=\"elementor-button-content-wrapper\">\n\t\t\t\t\t\t\t\t\t<span class=\"elementor-button-text\">Write us a WhatsApp<\/span>\n\t\t\t\t\t<\/span>\n\t\t\t\t\t<\/a>\n\t\t\t\t<\/div>\n\t\t\t\t\t\t\t\t<\/div>\n\t\t\t\t<\/div>\n\t\t\t\t\t<\/div>\n\t\t<\/div>\n\t\t\t\t\t<\/div>\n\t\t<\/section>\n\t\t\t\t<section class=\"elementor-section elementor-top-section elementor-element elementor-element-d714b32 elementor-section-boxed elementor-section-height-default elementor-section-height-default\" data-id=\"d714b32\" data-element_type=\"section\" data-settings=\"{&quot;background_background&quot;:&quot;classic&quot;}\">\n\t\t\t\t\t\t<div class=\"elementor-container elementor-column-gap-default\">\n\t\t\t\t\t<div class=\"elementor-column elementor-col-100 elementor-top-column elementor-element elementor-element-64cea2d\" data-id=\"64cea2d\" data-element_type=\"column\">\n\t\t\t<div class=\"elementor-widget-wrap elementor-element-populated\">\n\t\t\t\t\t\t<div class=\"elementor-element elementor-element-7259e78 elementor-widget elementor-widget-heading\" data-id=\"7259e78\" data-element_type=\"widget\" data-widget_type=\"heading.default\">\n\t\t\t\t<div class=\"elementor-widget-container\">\n\t\t\t\t\t<h2 class=\"elementor-heading-title elementor-size-default\">Pareja-Obreg\u00f3n gave us the Christmas carol \"Navidad en Do\u00f1ana\".<\/h2>\t\t\t\t<\/div>\n\t\t\t\t<\/div>\n\t\t\t\t<div class=\"elementor-element elementor-element-7a61dad elementor-widget elementor-widget-text-editor\" data-id=\"7a61dad\" data-element_type=\"widget\" data-widget_type=\"text-editor.default\">\n\t\t\t\t<div class=\"elementor-widget-container\">\n\t\t\t\t\t\t\t\t\t<p>Christmas is approaching and with it its traditional soundtrack. The Christmas carol will be sung and played again after 5 centuries.<br \/>You won't need to play it a second time to get stuck with its catchy tune!<\/p>\t\t\t\t\t\t\t\t<\/div>\n\t\t\t\t<\/div>\n\t\t\t\t\t<\/div>\n\t\t<\/div>\n\t\t\t\t\t<\/div>\n\t\t<\/section>\n\t\t\t\t<section class=\"elementor-section elementor-top-section elementor-element elementor-element-0f209bc elementor-section-boxed elementor-section-height-default elementor-section-height-default\" data-id=\"0f209bc\" data-element_type=\"section\">\n\t\t\t\t\t\t<div class=\"elementor-container elementor-column-gap-default\">\n\t\t\t\t\t<div class=\"elementor-column elementor-col-100 elementor-top-column elementor-element elementor-element-c39d700\" data-id=\"c39d700\" data-element_type=\"column\">\n\t\t\t<div class=\"elementor-widget-wrap elementor-element-populated\">\n\t\t\t\t\t\t<div class=\"elementor-element elementor-element-4cf6e61 elementor-widget elementor-widget-video\" data-id=\"4cf6e61\" data-element_type=\"widget\" data-settings=\"{&quot;youtube_url&quot;:&quot;https:\\\/\\\/www.youtube.com\\\/watch?v=0Z4Cdc04RZU&quot;,&quot;video_type&quot;:&quot;youtube&quot;,&quot;controls&quot;:&quot;yes&quot;}\" data-widget_type=\"video.default\">\n\t\t\t\t<div class=\"elementor-widget-container\">\n\t\t\t\t\t\t\t<div class=\"elementor-wrapper elementor-open-inline\">\n\t\t\t<div class=\"elementor-video\"><\/div>\t\t<\/div>\n\t\t\t\t\t\t<\/div>\n\t\t\t\t<\/div>\n\t\t\t\t\t<\/div>\n\t\t<\/div>\n\t\t\t\t\t<\/div>\n\t\t<\/section>\n\t\t\t\t<\/div>","protected":false},"excerpt":{"rendered":"<p>Escucha nuestro villancico del Parque Dunar parque dunar (villancico) Y es que es momento de alegr\u00eda en el Parque Dunar. Ya se siente la magia de la Navidad. Los Reyes de Oriente, un a\u00f1o m\u00e1s, recoger\u00e1n sus camellos en Aires Africanos para recorrer muchos pueblos de Huelva y Andaluc\u00eda, acompa\u00f1ados con sus embajadores, los Carteros [&hellip;]<\/p>","protected":false},"author":23,"featured_media":0,"parent":0,"menu_order":0,"comment_status":"closed","ping_status":"closed","template":"","meta":{"footnotes":""},"class_list":["post-18957","page","type-page","status-publish","has-post-thumbnail","hentry"],"aioseo_notices":[],"_links":{"self":[{"href":"https:\/\/airesafricanos.com\/en\/wp-json\/wp\/v2\/pages\/18957","targetHints":{"allow":["GET"]}}],"collection":[{"href":"https:\/\/airesafricanos.com\/en\/wp-json\/wp\/v2\/pages"}],"about":[{"href":"https:\/\/airesafricanos.com\/en\/wp-json\/wp\/v2\/types\/page"}],"author":[{"embeddable":true,"href":"https:\/\/airesafricanos.com\/en\/wp-json\/wp\/v2\/users\/23"}],"replies":[{"embeddable":true,"href":"https:\/\/airesafricanos.com\/en\/wp-json\/wp\/v2\/comments?post=18957"}],"version-history":[{"count":75,"href":"https:\/\/airesafricanos.com\/en\/wp-json\/wp\/v2\/pages\/18957\/revisions"}],"predecessor-version":[{"id":25934,"href":"https:\/\/airesafricanos.com\/en\/wp-json\/wp\/v2\/pages\/18957\/revisions\/25934"}],"wp:attachment":[{"href":"https:\/\/airesafricanos.com\/en\/wp-json\/wp\/v2\/media?parent=18957"}],"curies":[{"name":"wp","href":"https:\/\/api.w.org\/{rel}","templated":true}]}}