{"id":19275,"date":"2022-11-07T22:27:46","date_gmt":"2022-11-07T20:27:46","guid":{"rendered":"https:\/\/airesafricanos.com\/?page_id=19275"},"modified":"2023-01-27T12:39:02","modified_gmt":"2023-01-27T10:39:02","slug":"politica-de-cookies","status":"publish","type":"page","link":"https:\/\/airesafricanos.com\/en\/politica-de-cookies\/","title":{"rendered":"Cookies policy"},"content":{"rendered":"<div data-elementor-type=\"wp-page\" data-elementor-id=\"19275\" class=\"elementor elementor-19275\" data-elementor-post-type=\"page\">\n\t\t\t\t\t\t<section class=\"elementor-section elementor-top-section elementor-element elementor-element-e5bbff9 elementor-section-boxed elementor-section-height-default elementor-section-height-default\" data-id=\"e5bbff9\" data-element_type=\"section\">\n\t\t\t\t\t\t<div class=\"elementor-container elementor-column-gap-default\">\n\t\t\t\t\t<div class=\"elementor-column elementor-col-100 elementor-top-column elementor-element elementor-element-314c43d\" data-id=\"314c43d\" data-element_type=\"column\">\n\t\t\t<div class=\"elementor-widget-wrap elementor-element-populated\">\n\t\t\t\t\t\t<div class=\"elementor-element elementor-element-19e563a elementor-widget elementor-widget-heading\" data-id=\"19e563a\" data-element_type=\"widget\" data-widget_type=\"heading.default\">\n\t\t\t\t<div class=\"elementor-widget-container\">\n\t\t\t\t\t<h1 class=\"elementor-heading-title elementor-size-default\">About this cookie policy<\/h1>\t\t\t\t<\/div>\n\t\t\t\t<\/div>\n\t\t\t\t<div class=\"elementor-element elementor-element-2b8dec8 elementor-widget elementor-widget-text-editor\" data-id=\"2b8dec8\" data-element_type=\"widget\" data-widget_type=\"text-editor.default\">\n\t\t\t\t<div class=\"elementor-widget-container\">\n\t\t\t\t\t\t\t\t\t<p>This Cookie Policy explains what cookies are and how we use them. You should read this policy to understand what cookies are, how we use them, the types of cookies we use, i.e. the information we collect using cookies and how that information is used and how to control cookie preferences. For more information about how we use, store and keep your personal data secure, please see our Privacy Policy.<\/p><p>You can change or withdraw your consent to the Cookie Statement on our website at any time.<\/p><p>Find out more about who we are, how you can contact us and how we process personal data in our Privacy Policy.<\/p><p>Your consent applies to the following domain:\u00a0<a href=\"https:\/\/airesafricanos.com\/en\/\">airesafricanos.com<\/a><\/p><div class=\"cli_user_consent_state\">Your current status: Consent accepted.\u00a0<a class=\"cli_manage_current_consent\">Manage your consent.<\/a><\/div>\t\t\t\t\t\t\t\t<\/div>\n\t\t\t\t<\/div>\n\t\t\t\t<div class=\"elementor-element elementor-element-b3fa115 elementor-widget elementor-widget-heading\" data-id=\"b3fa115\" data-element_type=\"widget\" data-widget_type=\"heading.default\">\n\t\t\t\t<div class=\"elementor-widget-container\">\n\t\t\t\t\t<h1 class=\"elementor-heading-title elementor-size-default\">What are cookies?<\/h1>\t\t\t\t<\/div>\n\t\t\t\t<\/div>\n\t\t\t\t<div class=\"elementor-element elementor-element-4f48a56 elementor-widget elementor-widget-text-editor\" data-id=\"4f48a56\" data-element_type=\"widget\" data-widget_type=\"text-editor.default\">\n\t\t\t\t<div class=\"elementor-widget-container\">\n\t\t\t\t\t\t\t\t\t<p>Cookies are small text files that are used to store small pieces of information. Cookies are stored on your device when the website loads in your browser. These cookies help us to make the website work properly, make the website more secure, provide a better user experience and understand how the website works and analyse what works and where it needs improvement.<\/p>\t\t\t\t\t\t\t\t<\/div>\n\t\t\t\t<\/div>\n\t\t\t\t<div class=\"elementor-element elementor-element-c25421a elementor-widget elementor-widget-heading\" data-id=\"c25421a\" data-element_type=\"widget\" data-widget_type=\"heading.default\">\n\t\t\t\t<div class=\"elementor-widget-container\">\n\t\t\t\t\t<h1 class=\"elementor-heading-title elementor-size-default\">How do we use cookies?<\/h1>\t\t\t\t<\/div>\n\t\t\t\t<\/div>\n\t\t\t\t<div class=\"elementor-element elementor-element-0c53b4c elementor-widget elementor-widget-text-editor\" data-id=\"0c53b4c\" data-element_type=\"widget\" data-widget_type=\"text-editor.default\">\n\t\t\t\t<div class=\"elementor-widget-container\">\n\t\t\t\t\t\t\t\t\t<p>Like most online services, our website uses first-party and third-party cookies for a number of purposes. First-party cookies are primarily necessary for the website to function properly, and do not collect any of your personally identifiable information.<\/p><p>Third party cookies used on our websites are primarily used to understand how the website works, how you interact with our website, keep our services secure, provide you with advertisements that are relevant to you and generally provide you with a better and enhanced user experience and help speed up your future interactions with our website.<\/p>\t\t\t\t\t\t\t\t<\/div>\n\t\t\t\t<\/div>\n\t\t\t\t<div class=\"elementor-element elementor-element-4aba7db elementor-widget elementor-widget-heading\" data-id=\"4aba7db\" data-element_type=\"widget\" data-widget_type=\"heading.default\">\n\t\t\t\t<div class=\"elementor-widget-container\">\n\t\t\t\t\t<h1 class=\"elementor-heading-title elementor-size-default\">What types of cookies do we use?<\/h1>\t\t\t\t<\/div>\n\t\t\t\t<\/div>\n\t\t\t\t<div class=\"elementor-element elementor-element-0f637d0 elementor-widget elementor-widget-text-editor\" data-id=\"0f637d0\" data-element_type=\"widget\" data-widget_type=\"text-editor.default\">\n\t\t\t\t<div class=\"elementor-widget-container\">\n\t\t\t\t\t\t\t\t\t<p>Essential: Some cookies are essential for you to experience the full functionality of our site. They allow us to maintain user sessions and prevent security threats. They do not collect or store any personal information. For example, these cookies allow you to log in to your account and add products to your basket and checkout securely.<\/p><p>Statistics: these cookies store information such as the number of visitors to the website, the number of unique visitors, which pages of the website have been visited, the source of the visit, etc. This data helps us to understand and analyse how well the website is performing and where it needs improvement.<\/p><p>Marketing: our website displays advertisements. These cookies are used to customise the ads we show you so that they are meaningful to you. These cookies also help us to track the effectiveness of these advertising campaigns.<\/p><p>The information stored in these cookies may also be used by third-party advertising providers to show you advertisements on other websites in your browser.<\/p><p>Functional: These are cookies that support certain non-essential functionalities on our website. These functionalities include embedding content such as videos or sharing content on the website on social media platforms.<\/p><p>Preferences: These cookies help us store your browsing settings and preferences, such as language preferences, so that you have a better and more efficient experience on future visits to the website.<\/p><p>If you leave a comment on our site you can choose to save your name, email address and website in cookies. This is for your convenience, so you don't have to fill in your details again when you leave another comment. These cookies will last for one year.<\/p><p>If you have an account and log in to this site, we will set a temporary cookie to determine whether your browser accepts cookies. This cookie does not contain any personal data and is deleted when you close your browser.<\/p><p>When you log in, we will also set a number of cookies to store your login information and screen display options. Login cookies last for two days, and display options cookies last for one year. If you select \"Remember me\", your login will last for two weeks. If you log out of your account, your login cookies will be deleted.<\/p><p>If you edit or publish an article, an additional cookie will be stored in your browser. This cookie does not contain any personal data and simply indicates the ID of the article you have just edited. It expires after 1 day.<\/p><p>[cookie_audit columns = \"cookie, description\" header = \"The following list details the cookies used on our website\".<\/p>\t\t\t\t\t\t\t\t<\/div>\n\t\t\t\t<\/div>\n\t\t\t\t<div class=\"elementor-element elementor-element-22ae1d5 elementor-widget elementor-widget-heading\" data-id=\"22ae1d5\" data-element_type=\"widget\" data-widget_type=\"heading.default\">\n\t\t\t\t<div class=\"elementor-widget-container\">\n\t\t\t\t\t<h1 class=\"elementor-heading-title elementor-size-default\">How can I control my cookie preferences?<\/h1>\t\t\t\t<\/div>\n\t\t\t\t<\/div>\n\t\t\t\t<div class=\"elementor-element elementor-element-4d19cd2 elementor-widget elementor-widget-text-editor\" data-id=\"4d19cd2\" data-element_type=\"widget\" data-widget_type=\"text-editor.default\">\n\t\t\t\t<div class=\"elementor-widget-container\">\n\t\t\t\t\t\t\t\t\t<div class=\"cli_pg_page_contaner\"><p>If you decide to change your preferences later in your browsing session, you can click on the \"Privacy Policy and Cookies\" tab on your screen. This will display the consent notice again, allowing you to change your preferences or withdraw your consent completely.<\/p><p>In addition to this, different browsers provide different methods for blocking and deleting cookies used by websites. You can change your browser settings to block\/delete cookies. For more information on how to manage and delete cookies, please visit:<a href=\"https:\/\/en.wikipedia.org\/wiki\/HTTP_cookie\" target=\"_blank\" rel=\"nofollow noopener noreferrer\">wikipedia.org<\/a>,\u00a0<a href=\"http:\/\/www.allaboutcookies.org\/\" target=\"_blank\" rel=\"nofollow noopener noreferrer\">www.allaboutcookies.org.<\/a><\/p><\/div><p>To find out how we handle your data, please visit:\u00a0<a href=\"https:\/\/airesafricanos.com\/en\/politica-de-privacidad\/\" target=\"_blank\" rel=\"noopener noreferrer\">https:\/\/airesafricanos.com\/politica-privacidad\/<\/a>.<\/p>\t\t\t\t\t\t\t\t<\/div>\n\t\t\t\t<\/div>\n\t\t\t\t\t<\/div>\n\t\t<\/div>\n\t\t\t\t\t<\/div>\n\t\t<\/section>\n\t\t\t\t<\/div>","protected":false},"excerpt":{"rendered":"<p>Sobre esta pol\u00edtica de cookies Esta Pol\u00edtica de cookies explica qu\u00e9 son las cookies y c\u00f3mo las usamos. Debe leer esta pol\u00edtica para comprender qu\u00e9 son las cookies, c\u00f3mo las utilizamos, los tipos de cookies que utilizamos, es decir, la informaci\u00f3n que recopilamos utilizando cookies y c\u00f3mo se utiliza esa informaci\u00f3n y c\u00f3mo controlar las [&hellip;]<\/p>","protected":false},"author":23,"featured_media":0,"parent":0,"menu_order":0,"comment_status":"closed","ping_status":"closed","template":"template-home-modern.php","meta":{"footnotes":""},"class_list":["post-19275","page","type-page","status-publish","has-post-thumbnail","hentry"],"aioseo_notices":[],"_links":{"self":[{"href":"https:\/\/airesafricanos.com\/en\/wp-json\/wp\/v2\/pages\/19275","targetHints":{"allow":["GET"]}}],"collection":[{"href":"https:\/\/airesafricanos.com\/en\/wp-json\/wp\/v2\/pages"}],"about":[{"href":"https:\/\/airesafricanos.com\/en\/wp-json\/wp\/v2\/types\/page"}],"author":[{"embeddable":true,"href":"https:\/\/airesafricanos.com\/en\/wp-json\/wp\/v2\/users\/23"}],"replies":[{"embeddable":true,"href":"https:\/\/airesafricanos.com\/en\/wp-json\/wp\/v2\/comments?post=19275"}],"version-history":[{"count":20,"href":"https:\/\/airesafricanos.com\/en\/wp-json\/wp\/v2\/pages\/19275\/revisions"}],"predecessor-version":[{"id":20117,"href":"https:\/\/airesafricanos.com\/en\/wp-json\/wp\/v2\/pages\/19275\/revisions\/20117"}],"wp:attachment":[{"href":"https:\/\/airesafricanos.com\/en\/wp-json\/wp\/v2\/media?parent=19275"}],"curies":[{"name":"wp","href":"https:\/\/api.w.org\/{rel}","templated":true}]}}