{"id":10275,"date":"2021-05-31T23:15:02","date_gmt":"2021-05-31T23:15:02","guid":{"rendered":"http:\/\/airesafricanos.com\/es\/?post_type=product&#038;p=10275"},"modified":"2025-07-10T20:07:13","modified_gmt":"2025-07-10T18:07:13","slug":"regala-aires","status":"publish","type":"product","link":"https:\/\/airesafricanos.com\/en\/product\/regala-aires\/","title":{"rendered":"Give Aires as a gift"},"content":{"rendered":"<h3>YOUR GIFT<\/h3>\n<p>A unique and unforgettable experience with Aires Africanos. Camel ride through the Do\u00f1ana Dune Park, in Matalasca\u00f1as, with a visit to the camelid farm where, while enjoying a delicious Arabian tea with dates, we will learn about the life and customs of these animals that live in this impressive natural setting.<\/p>\n<h3>CONDITIONS OF THE GIFT VOUCHER:<\/h3>\n<ul>\n<li>\n<h5>\u00a0Price for 2 persons 60\u20ac - Price for 4 persons 120\u20ac - Price for 5 persons 150\u20ac - Additional person 30\u20ac.<\/h5>\n<\/li>\n<\/ul>\n<ul>\n<li>\n<h5>\u00a0The gift voucher is valid for 6 months from the date of purchase.<\/h5>\n<\/li>\n<li>\n<h5>\u00a0To use the gift voucher, it is essential to contact us and book at least one week before the activity takes place.<\/h5>\n<\/li>\n<li>\n<h5>For riding, weight limit per person 90\/95kg.<\/h5>\n<\/li>\n<li>\n<h5>\u00a0If you wish to add additional people to the gift voucher, this will be communicated at the time of booking and will be paid at the ticket office on the day of the visit based on the rates established by Aires Africanos (depending on the season).<\/h5>\n<\/li>\n<\/ul>","protected":false},"excerpt":{"rendered":"<h3>Gift Card<\/h3>\n<p>Una experiencia \u00fanica e inolvidable con Aires Africanos. Ruta en camello por el Parque Dunar de Do\u00f1ana, en Matalasca\u00f1as, con visita a la granja de cam\u00e9lidos donde mientras saborearas un delicioso t\u00e9 \u00e1rabe con d\u00e1tiles, vamos a conocer la vida y costumbres de estos animales que viven en este impresionante paraje natural.<\/p>\n<h3>CONDITIONS OF THE GIFT VOUCHER:<\/h3>\n<ul>\n<li>\n<h5>&#8211; Imprescindible contactar con nosotros y reservar como m\u00ednimo con una semana de antelaci\u00f3n a la utilizaci\u00f3n del bono.<\/h5>\n<\/li>\n<li>\n<h5>&#8211; Para efectuar la actvidad deben haber un m\u00ednimo de 2 personas<\/h5>\n<\/li>\n<li>\n<h5>&#8211; El bono regalo caduca a los\u00a0 6 meses de la fecha de la compra.<\/h5>\n<\/li>\n<li>\n<h5>&#8211; Para montar, peso limitado por persona\u00a0 90\/95kg.<\/h5>\n<\/li>\n<\/ul>","protected":false},"featured_media":15056,"template":"","meta":[],"product_brand":[],"product_cat":[92],"product_tag":[],"giftcard-category":[100],"class_list":{"0":"post-10275","1":"product","2":"type-product","3":"status-publish","4":"has-post-thumbnail","6":"product_cat-tarjeta-regalo","7":"giftcard-category-aires","9":"first","10":"instock","11":"virtual","12":"purchasable","13":"product-type-gift-card"},"aioseo_notices":[],"_links":{"self":[{"href":"https:\/\/airesafricanos.com\/en\/wp-json\/wp\/v2\/product\/10275","targetHints":{"allow":["GET"]}}],"collection":[{"href":"https:\/\/airesafricanos.com\/en\/wp-json\/wp\/v2\/product"}],"about":[{"href":"https:\/\/airesafricanos.com\/en\/wp-json\/wp\/v2\/types\/product"}],"wp:featuredmedia":[{"embeddable":true,"href":"https:\/\/airesafricanos.com\/en\/wp-json\/wp\/v2\/media\/15056"}],"wp:attachment":[{"href":"https:\/\/airesafricanos.com\/en\/wp-json\/wp\/v2\/media?parent=10275"}],"wp:term":[{"taxonomy":"product_brand","embeddable":true,"href":"https:\/\/airesafricanos.com\/en\/wp-json\/wp\/v2\/product_brand?post=10275"},{"taxonomy":"product_cat","embeddable":true,"href":"https:\/\/airesafricanos.com\/en\/wp-json\/wp\/v2\/product_cat?post=10275"},{"taxonomy":"product_tag","embeddable":true,"href":"https:\/\/airesafricanos.com\/en\/wp-json\/wp\/v2\/product_tag?post=10275"},{"taxonomy":"giftcard-category","embeddable":true,"href":"https:\/\/airesafricanos.com\/en\/wp-json\/wp\/v2\/giftcard-category?post=10275"}],"curies":[{"name":"wp","href":"https:\/\/api.w.org\/{rel}","templated":true}]}}